{"id":589,"date":"2021-03-04T10:52:14","date_gmt":"2021-03-04T09:52:14","guid":{"rendered":"http:\/\/www.loirevalleyholidayrental.com\/?page_id=589"},"modified":"2025-02-06T14:37:00","modified_gmt":"2025-02-06T13:37:00","slug":"blois","status":"publish","type":"page","link":"https:\/\/www.chatelrose.com\/fr\/blois\/","title":{"rendered":"Blois"},"content":{"rendered":"<p>Blois est une jolie ville de 50 000 habitants tr\u00e8s conviviale, construite sur une colline en forme d'amphith\u00e9\u00e2tre qui descend jusqu'\u00e0 la Loire. Bien qu'une partie du centre ait \u00e9t\u00e9 d\u00e9truite pendant la guerre, la ville conserve de jolies rues anciennes qui serpentent le long des rives escarp\u00e9es du fleuve.  <\/p>\n\n\n\n<p>C'\u00e9tait autrefois le centre de la <strong>Renaissance fran\u00e7aise<\/strong> , avec un prestigieux ch\u00e2teau royal. Louis XII, roi de France en 1498, y est n\u00e9 en 1462. L'un de ses habitants, Denis Papin, inventa la machine \u00e0 vapeur en 1647 et l'illusionniste Louis-Eug\u00e8ne Roubert-Houdin, n\u00e9 \u00e0 Blois en 1805, est \u00e0 l\u2019origine de la tr\u00e8s int\u00e9ressante \u00ab Maison de la Magie \u00bb juste en face du ch\u00e2teau.<\/p>\n\n\n\n<p>La ville poss\u00e8de une zone pi\u00e9tonne avec de nombreux petits magasins, caf\u00e9s et restaurants, ainsi qu'un march\u00e9 le samedi matin sur la place Louis XII.<\/p>\n\n\n\n<p>Vous trouverez ci-dessous des photos g\u00e9n\u00e9rales de Blois. Pour des photos du <strong>Puits Ch\u00e2tel<\/strong> Ch\u00e2tel, cliquez <a href=\"https:\/\/www.chatelrose.com\/fr\/puits-chatel-quarter-in-blois\/\" data-type=\"page\" data-id=\"663\">ici.<\/a><\/p>\n\n\n\n<figure class=\"wp-block-gallery has-nested-images columns-default is-cropped wp-block-gallery-1 is-layout-flex wp-block-gallery-is-layout-flex\">\n<figure class=\"wp-block-image\"><img decoding=\"async\" data-id=\"704\" src=\"https:\/\/www.loirevalleyholidayrental.com\/wp-content\/uploads\/saturday-market_christmas.gif\" alt=\"\" class=\"wp-image-704\"\/><figcaption class=\"wp-element-caption\">Quartier des Arts<\/figcaption><\/figure>\n\n\n\n<figure class=\"wp-block-image\"><img decoding=\"async\" data-id=\"602\" src=\"https:\/\/www.loirevalleyholidayrental.com\/wp-content\/uploads\/horse_carriage.gif\" alt=\"\" class=\"wp-image-602\"\/><figcaption class=\"wp-element-caption\">Le tour de la ville<\/figcaption><\/figure>\n\n\n\n<figure class=\"wp-block-image\"><img decoding=\"async\" data-id=\"600\" src=\"https:\/\/www.loirevalleyholidayrental.com\/wp-content\/uploads\/blois_market_band.gif\" alt=\"\" class=\"wp-image-600\"\/><figcaption class=\"wp-element-caption\">March\u00e9 du samedi<\/figcaption><\/figure>\n\n\n\n<figure class=\"wp-block-image\"><img decoding=\"async\" data-id=\"601\" src=\"https:\/\/www.loirevalleyholidayrental.com\/wp-content\/uploads\/flea_market.gif\" alt=\"\" class=\"wp-image-601\"\/><figcaption class=\"wp-element-caption\">March\u00e9 aux puces mensuel<\/figcaption><\/figure>\n\n\n\n<figure class=\"wp-block-image\"><img decoding=\"async\" data-id=\"599\" src=\"https:\/\/www.loirevalleyholidayrental.com\/wp-content\/uploads\/behind_castle.gif\" alt=\"\" class=\"wp-image-599\"\/><figcaption class=\"wp-element-caption\">Ch\u00e2teau de Blois  <\/figcaption><\/figure>\n\n\n\n<figure class=\"wp-block-image\"><img decoding=\"async\" data-id=\"109\" src=\"https:\/\/www.loirevalleyholidayrental.com\/wp-content\/uploads\/brass_band.jpg\" alt=\"\" class=\"wp-image-109\"\/><figcaption class=\"wp-element-caption\">Fanfare<\/figcaption><\/figure>\n\n\n\n<figure class=\"wp-block-image\"><img decoding=\"async\" data-id=\"104\" src=\"https:\/\/www.loirevalleyholidayrental.com\/wp-content\/uploads\/blois_3.jpg\" alt=\"\" class=\"wp-image-104\"\/><figcaption class=\"wp-element-caption\">Pont Gabriel<\/figcaption><\/figure>\n\n\n\n<figure class=\"wp-block-image\"><img decoding=\"async\" data-id=\"131\" src=\"https:\/\/www.loirevalleyholidayrental.com\/wp-content\/uploads\/blois_12.gif\" alt=\"\" class=\"wp-image-131\"\/><figcaption class=\"wp-element-caption\">Gabarres<\/figcaption><\/figure>\n\n\n\n<figure class=\"wp-block-image\"><img decoding=\"async\" data-id=\"130\" src=\"https:\/\/www.loirevalleyholidayrental.com\/wp-content\/uploads\/blois_11.gif\" alt=\"\" class=\"wp-image-130\"\/><figcaption class=\"wp-element-caption\">Escalier Denis Papin<\/figcaption><\/figure>\n\n\n\n<figure class=\"wp-block-image\"><img decoding=\"async\" data-id=\"129\" src=\"https:\/\/www.loirevalleyholidayrental.com\/wp-content\/uploads\/blois_10.gif\" alt=\"\" class=\"wp-image-129\"\/><figcaption class=\"wp-element-caption\">Blois depuis le pont<\/figcaption><\/figure>\n\n\n\n<figure class=\"wp-block-image\"><img decoding=\"async\" data-id=\"706\" src=\"https:\/\/www.loirevalleyholidayrental.com\/wp-content\/uploads\/blois_castle_francois_I.gif\" alt=\"\" class=\"wp-image-706\"\/><figcaption class=\"wp-element-caption\">Ch\u00e2teau de Blois <\/figcaption><\/figure>\n\n\n\n<figure class=\"wp-block-image\"><img decoding=\"async\" data-id=\"707\" src=\"https:\/\/www.loirevalleyholidayrental.com\/wp-content\/uploads\/blois_castle_henri_II.gif\" alt=\"\" class=\"wp-image-707\"\/><figcaption class=\"wp-element-caption\">Ch\u00e2teau de Blois<\/figcaption><\/figure>\n\n\n\n<figure class=\"wp-block-image\"><img decoding=\"async\" data-id=\"708\" src=\"https:\/\/www.loirevalleyholidayrental.com\/wp-content\/uploads\/blois_loire_sun.gif\" alt=\"\" class=\"wp-image-708\"\/><figcaption class=\"wp-element-caption\">Ch\u00e2teau de Blois et Saint Nicolas<\/figcaption><\/figure>\n<\/figure>","protected":false},"excerpt":{"rendered":"<p>Blois is an attractive town of 50,000 people with a very friendly atmosphere built on a hill in the shape [&hellip;]<\/p>","protected":false},"author":1,"featured_media":0,"parent":0,"menu_order":2,"comment_status":"closed","ping_status":"closed","template":"","meta":{"site-sidebar-layout":"default","site-content-layout":"","ast-site-content-layout":"","site-content-style":"default","site-sidebar-style":"default","ast-global-header-display":"","ast-banner-title-visibility":"","ast-main-header-display":"","ast-hfb-above-header-display":"","ast-hfb-below-header-display":"","ast-hfb-mobile-header-display":"","site-post-title":"","ast-breadcrumbs-content":"","ast-featured-img":"","footer-sml-layout":"","theme-transparent-header-meta":"","adv-header-id-meta":"","stick-header-meta":"","header-above-stick-meta":"","header-main-stick-meta":"","header-below-stick-meta":"","astra-migrate-meta-layouts":"default","ast-page-background-enabled":"default","ast-page-background-meta":{"desktop":{"background-color":"var(--ast-global-color-5)","background-image":"","background-repeat":"repeat","background-position":"center center","background-size":"auto","background-attachment":"scroll","background-type":"","background-media":"","overlay-type":"","overlay-color":"","overlay-opacity":"","overlay-gradient":""},"tablet":{"background-color":"","background-image":"","background-repeat":"repeat","background-position":"center center","background-size":"auto","background-attachment":"scroll","background-type":"","background-media":"","overlay-type":"","overlay-color":"","overlay-opacity":"","overlay-gradient":""},"mobile":{"background-color":"","background-image":"","background-repeat":"repeat","background-position":"center center","background-size":"auto","background-attachment":"scroll","background-type":"","background-media":"","overlay-type":"","overlay-color":"","overlay-opacity":"","overlay-gradient":""}},"ast-content-background-meta":{"desktop":{"background-color":"var(--ast-global-color-4)","background-image":"","background-repeat":"repeat","background-position":"center center","background-size":"auto","background-attachment":"scroll","background-type":"","background-media":"","overlay-type":"","overlay-color":"","overlay-opacity":"","overlay-gradient":""},"tablet":{"background-color":"var(--ast-global-color-4)","background-image":"","background-repeat":"repeat","background-position":"center center","background-size":"auto","background-attachment":"scroll","background-type":"","background-media":"","overlay-type":"","overlay-color":"","overlay-opacity":"","overlay-gradient":""},"mobile":{"background-color":"var(--ast-global-color-4)","background-image":"","background-repeat":"repeat","background-position":"center center","background-size":"auto","background-attachment":"scroll","background-type":"","background-media":"","overlay-type":"","overlay-color":"","overlay-opacity":"","overlay-gradient":""}},"jetpack_post_was_ever_published":false,"footnotes":""},"class_list":["post-589","page","type-page","status-publish","hentry"],"jetpack_sharing_enabled":true,"jetpack_shortlink":"https:\/\/wp.me\/P5OEX9-9v","_links":{"self":[{"href":"https:\/\/www.chatelrose.com\/fr\/wp-json\/wp\/v2\/pages\/589","targetHints":{"allow":["GET"]}}],"collection":[{"href":"https:\/\/www.chatelrose.com\/fr\/wp-json\/wp\/v2\/pages"}],"about":[{"href":"https:\/\/www.chatelrose.com\/fr\/wp-json\/wp\/v2\/types\/page"}],"author":[{"embeddable":true,"href":"https:\/\/www.chatelrose.com\/fr\/wp-json\/wp\/v2\/users\/1"}],"replies":[{"embeddable":true,"href":"https:\/\/www.chatelrose.com\/fr\/wp-json\/wp\/v2\/comments?post=589"}],"version-history":[{"count":13,"href":"https:\/\/www.chatelrose.com\/fr\/wp-json\/wp\/v2\/pages\/589\/revisions"}],"predecessor-version":[{"id":821,"href":"https:\/\/www.chatelrose.com\/fr\/wp-json\/wp\/v2\/pages\/589\/revisions\/821"}],"wp:attachment":[{"href":"https:\/\/www.chatelrose.com\/fr\/wp-json\/wp\/v2\/media?parent=589"}],"curies":[{"name":"wp","href":"https:\/\/api.w.org\/{rel}","templated":true}]}}