{"id":217,"date":"2012-06-29T10:48:15","date_gmt":"2012-06-29T08:48:15","guid":{"rendered":"http:\/\/www.loirevalleyholidayrental.com\/?page_id=217"},"modified":"2025-02-07T16:13:06","modified_gmt":"2025-02-07T15:13:06","slug":"testimonials","status":"publish","type":"page","link":"https:\/\/www.chatelrose.com\/fr\/testimonials\/","title":{"rendered":"T\u00e9moignages"},"content":{"rendered":"<h2>Les avis de nos h\u00f4tes<\/h2>\n<p><em>\" Le studio est situ\u00e9 dans un endroit superbe, la chambre est magnifiquement d\u00e9cor\u00e9e et pleine de touches suppl\u00e9mentaires. Les dossiers d'informations locales sont excellents. Je recommande vivement cet endroit charmant.\" Belinda, Nouvelle-Z\u00e9lande, novembre 2024 <\/em><\/p>\n<p><em>\"A recommander absolument sans h\u00e9sitation. Une touche personnelle et exceptionnelle dans le d\u00e9cor, le confort et les \u00e9quipements et un excellent accueil de l\u2019h\u00f4tesse. \u00bb Marie, France, juillet 2024\u00a0<\/em><\/p>\n<p><em>\"El\u00e9gant avec tout le confort d'une maison : Rosemary a \u00e9t\u00e9 l'h\u00f4te parfaite avec des r\u00e9ponses rapides et d'excellentes suggestions. L'appartement avait tout ce qu'il fallait pour voyager, y compris une bouteille de vin local \u00e0 l'arriv\u00e9e. Proche des restaurants et des ch\u00e2teaux, c'\u00e9tait l'endroit id\u00e9al. Rue pav\u00e9e sympathique et tranquille \u00bb. Janet, Australie, juin 2024<\/em><\/p>\n<p><em>\u00ab Nous avons pass\u00e9 un merveilleux s\u00e9jour ; nous avons ador\u00e9 l'emplacement et l'appartement nous convenait parfaitement - nous n'h\u00e9siterions pas \u00e0 y s\u00e9journer \u00e0 nouveau ; c'\u00e9tait bien d\u2019\u00eatre au rez-de-chauss\u00e9e et dans une rue pittoresque \u00e0 quelques pas de tout ; le stationnement semblait un peu intimidant au d\u00e9but, mais nous n'avons jamais eu de probl\u00e8me pour trouver une place dans le parking gratuit pr\u00e8s de la rivi\u00e8re ; c'\u00e9tait vraiment charmant ! \u00bb Carol, \u00c9tats-Unis, mai 2024<\/em><\/p>\n<p><em>\"L'appartement a \u00e9t\u00e9 meubl\u00e9 et d\u00e9cor\u00e9 avec amour, en accord avec le cadre m\u00e9di\u00e9val du b\u00e2timent... Tous les \u00e9quipements et ustensiles dont vous pourriez avoir besoin sont fournis, ainsi qu\u2019une vaisselle charmante, un r\u00e9frig\u00e9rateur de bonne taille, un lave-vaisselle et une machine \u00e0 espresso. Il y a \u00e9galement un espace ext\u00e9rieur partag\u00e9 dans un jardin secret en contrebas de la cath\u00e9drale.\" Andrew, Royaume-Uni, octobre 2023<\/em><\/p>\n<p><em>\u201cExceptionnel : Les petites attentions de l\u2019h\u00f4tesse (bouteille de vin, tomates du jardin) et ses renseignements, le confort de l\u2019habitation, l\u2019emplacement, l\u2019adorable petit jardin dans lequel nous avons fait nos ap\u00e9ritifs. \u00bb Nancy, Suisse, septembre 2023 <\/em><\/p>\n<p><em>\"Nous avons r\u00e9cemment pass\u00e9 un merveilleux s\u00e9jour de sept nuits \u00e0 Ch\u00e2tel Rose... nous avions l'impression de s\u00e9journer dans notre propre petit ch\u00e2teau ! ... Le jardin est un joyau cach\u00e9 et c'\u00e9tait un endroit merveilleuse pour d\u00e9guster un verre de ros\u00e9.\" Diann, Canada, septembre 2023<\/em><\/p>\n<p><em>\u201cL\u2019appartement est tr\u00e8s bien situ\u00e9 et dans un endroit qui a du caract\u00e8re, tr\u00e8s en harmonie avec l\u2019esprit de Blois, de la r\u00e9gion.<\/em><\/p>\n<p><em>La propri\u00e9taire de l\u2019appartement a \u00e9t\u00e9 aux petits soins avec nous, vraiment tr\u00e8s attentionn\u00e9e, nous n\u2019avons manqu\u00e9 de rien !<\/em><\/p>\n<p><em>A grand merci \u00e0 vous pour toutes les charmantes attentions ch\u00e8re Madame. \u00bb Patrice, France, ao\u00fbt 2023<\/em><\/p>\n<p><em>\"Appartement parfait dans un emplacement parfait avec un h\u00f4te superbe, ne le ratez pas ! H\u00f4te super sympathique, bon emplacement, propret\u00e9, proximit\u00e9 du parking, d\u00e9coration int\u00e9rieure, caf\u00e9 gratuit, en un mot, tout.\" Goran, Croatie, ao\u00fbt 2023.<\/em><\/p>\n<p><em>\u00ab L'appartement \u00e9tait exactement comme annonc\u00e9 - situ\u00e9 dans une vieille rue pr\u00e8s du c\u0153ur de Blois. Tout \u00e9tait facilement accessible \u00e0 pied. L'appartement \u00e9tait propre et disposait de tout ce dont nous avions besoin pour notre s\u00e9jour. Rosemary a \u00e9t\u00e9 tr\u00e8s serviable et r\u00e9active. LE check-in et le d\u00e9part ont \u00e9t\u00e9 faciles. Howard, juillet 2023. <\/em><\/p>\n<p><em>\u00ab Appartement de qualit\u00e9 avec de nombreux \u00e9quipements dans le Blois historique : Appartement romantique (hauts plafonds, lustre, fen\u00eatres \u00e0 battants avec volets, peignoirs, linge de qualit\u00e9, lit de 160 cm tr\u00e8s confortable avec tout ce qu'il faut pour passer de bonnes vacances - machine \u00e0 expresso, lave-linge\/s\u00e8che-linge, lave-vaisselle, cuisine bien \u00e9quip\u00e9e, wifi. La propri\u00e9taire a tout fait pour s'assurer que notre s\u00e9jour soit agr\u00e9able et ses recommandations pour les restaurants et les sites touristiques \u00e9taient inestimables et refl\u00e9taient sa connaissance intime de cette ville historique et de la vall\u00e9e de la Loire en g\u00e9n\u00e9ral. Nous nous sommes sentis en s\u00e9curit\u00e9 et combl\u00e9s. Nous la recommandons vivement. Bernadette, Australie, mai 2023 (une semaine)<\/em><\/p>\n<p><em>\u00ab Tout ce qu'il nous fallait et plus encore ! \u00c0 10 minutes du ch\u00e2teau ; lit confortable, cuisine bien \u00e9quip\u00e9e, design et d\u00e9corations agr\u00e9ables dans l'appartement, h\u00f4te sympathique et serviable. \u00bb Zuzana, R\u00e9publique tch\u00e8que, mai 2023.<\/em><\/p>\n<p><em>\u00ab Magnifique appartement dans la belle ville de Blois : L'appartement \u00e9tait magnifique et bien am\u00e9nag\u00e9. Il s'agit d'un studio qui peut accueillir confortablement deux personnes. L'emplacement est parfait - beaucoup de boutiques et de restaurants \u00e0 proximit\u00e9. Les b\u00e2timents sont tr\u00e8s anciens et tr\u00e8s pittoresques. Rosemary a \u00e9t\u00e9 une h\u00f4te charmante. Tr\u00e8s r\u00e9active, elle a fait des suggestions utiles (le march\u00e9 fermier du samedi \u00e9tait merveilleux). Je reviendrais sans h\u00e9siter ! \u00bb Dottie, \u00c9tats-Unis, avril 2023 (une semaine)<\/em><\/p>\n<p><em>\u201cSuper s\u00e9jour dans un studio tr\u00e8s bien \u00e9quipe et id\u00e9alement situ\u00e9. Studio tr\u00e8s joli, hyper bien \u00e9quip\u00e9, id\u00e9alement situ\u00e9 dans le centre, proche des lieux de restauration et commerces tout en \u00e9tant dans une ruelle du centre historique tr\u00e8s calme. Excellent accueil de l\u2019h\u00f4te. \u00bb Laurence, Belgique, Janvier 2023<\/em><\/p>\n<p><em>\"Magnifique appartement dans le centre historique, proche de tout, je ne voulais pas partir, Rosemary s\u2019est assur\u00e9e qu\u2019on avait tout ce qu\u2019il fallait et nous a fait de bonnes suggestions. H\u00f4tesse merveilleuse.\" Julia, septembre 2022<\/em><\/p>\n<p><em>\"Merveilleux et charmant appartement, parfaitement situ\u00e9 dans la vieille ville de Blois, magnifique jardin priv\u00e9 que nous avons utilis\u00e9 pour le petit d\u00e9jeuner. Nous reviendrons.\" Peter, septembre 2022<\/em><\/p>\n<p><em>\u201cPerfectissimo ! Un lit tr\u00e8s confortable, des serviettes blances et douces, une attention dans le frigo, une h\u00f4te disponible, tout \u00e7a \u00e0 un emplacement parfait pour visiter cette belle ville \u2026 rien \u00e0 dire. \u00bb Jo, France, ao\u00fbt 2022<\/em><\/p>\n<p><em>\u00ab Un endroit id\u00e9al pour travailler \u00e0 distance : Nous avons pass\u00e9 un mois de vacances professionnelles en France, et l'une de nos \u00e9tapes \u00e9tait la vall\u00e9e de la Loire. Ch\u00e2tel Rose est l'endroit id\u00e9al pour explorer les ch\u00e2teaux et les vins de la r\u00e9gion pendant la journ\u00e9e et travailler le soir. L'appartement est magnifiquement d\u00e9cor\u00e9, tr\u00e8s confortable, et la cuisine bien \u00e9quip\u00e9e a tout ce qu'il faut. Les restaurants sont proches, non loin du centre-ville, et la Loire est \u00e0 quelques minutes \u00e0 pied, ce qui permet de faire de belles promenades apr\u00e8s le d\u00eener. Notre h\u00f4te Rosemary est tr\u00e8s aimable et serviable, ce qui a rendu notre s\u00e9jour vraiment agr\u00e9able. \u00bb Angeline, \u00c9tats-Unis, juin 2022.<\/em><\/p>\n<p><em>\u00ab Un endroit id\u00e9al pour travailler \u00e0 distance : Nous avons pass\u00e9 un mois de vacances professionnelles en France, et l'une de nos \u00e9tapes \u00e9tait la vall\u00e9e de la Loire. Ch\u00e2tel Rose est l'endroit id\u00e9al pour explorer les ch\u00e2teaux et les vins de la r\u00e9gion pendant la journ\u00e9e et travailler le soir. L'appartement est magnifiquement d\u00e9cor\u00e9, tr\u00e8s confortable, et la cuisine bien \u00e9quip\u00e9e a tout ce qu'il faut. Les restaurants sont proches, non loin du centre-ville, et la Loire est \u00e0 quelques minutes \u00e0 pied, ce qui permet de faire de belles promenades apr\u00e8s le d\u00eener. Notre h\u00f4te Rosemary est tr\u00e8s aimable et serviable, ce qui a rendu notre s\u00e9jour vraiment agr\u00e9able. \u00bb Angeline, \u00c9tats-Unis, juin 2022.\n\u00ab Studio tr\u00e8s bien situ\u00e9 : Nous avons ador\u00e9 cet appartement dans le centre-ville de Blois, \u00e0 proximit\u00e9 des principaux restaurants et attractions. Il \u00e9tait parfait pour nous deux pendant notre s\u00e9jour de trois jours. Le parking est \u00e0 proximit\u00e9, \u00e0 quelques minutes \u00e0 pied, donc la d\u00e9pose \u00e9tait assez facile. La rue est calme. Au c\u0153ur de la ville, on entendait parfois les passants, mais comme c'est une rue calme, cela ne nous a pas d\u00e9rang\u00e9s. Le lit \u00e9tait tr\u00e8s confortable et la salle de bain avait des toilettes s\u00e9par\u00e9es, ce qui est agr\u00e9able. Rosemary, l'h\u00f4te, s'est montr\u00e9e tr\u00e8s serviable et a pris de nos nouvelles tout au long de notre s\u00e9jour. Il y a un joli petit jardin commun pour se d\u00e9tendre \u00e0 la fin de la journ\u00e9e. Nous avons trouv\u00e9 que c'\u00e9tait un excellent point de d\u00e9part pour visiter les ch\u00e2teaux autour et se promener \u00e0 la campagne dans la journ\u00e9e. Beaucoup de bons restaurants \u00e0 quelques minutes. Tr\u00e8s bon s\u00e9jour. \u00bb Julie B, Avril 2022<\/em><\/p>\n<p><em>\u00ab Le studio est spacieux, propre, bien entretenu et tr\u00e8s \u00e9quip\u00e9. Les meubles sont joliment anciens mais confortables. \u00bb Hugo, janvier 2022<\/em><\/p>\n<p><em>\u00ab Studio id\u00e9alement situ\u00e9 dans le centre de Blois, \u00e0 quelques minutes \u00e0 pied du ch\u00e2teau et des commerces. Belle d\u00e9coration, tr\u00e8s bien \u00e9quip\u00e9 et h\u00f4tesse serviable. Parking gratuit \u00e0 proximit\u00e9 du studio. \u00bb Charlotte, septembre 2021.<\/em><\/p>\n<p><em>\"Appartement magnifiquement d\u00e9cor\u00e9. Explications sur l'endroit o\u00f9 se garer facilement. A l'arriv\u00e9e, th\u00e9, caf\u00e9 et autres petites attentions. Tout ce qu'il faut pour passer un agr\u00e9able s\u00e9jour.\" Lacroix, ao\u00fbt 2021<\/em><\/p>\n<p><em>\u00ab Un r\u00eave... L'appartement est magnifique. L'ameublement est bien pens\u00e9 et somptueux. Le lit est tr\u00e8s confortable. Nous avons ador\u00e9. Ch\u00e8re Rosemary, c'\u00e9tait charmant \u00e0 Blois et votre logement l'\u00e9tait tout autant. \u00bb Christina, Allemagne, ao\u00fbt 2021<\/em><\/p>\n<p><em>\u201cExcellente adresse: Les photos de l\u2019annonce refl\u00e8tent parfaitement la location : une propret\u00e9 irr\u00e9prochable, un mobilier haut de gamme et une d\u00e9co soign\u00e9e, un \u00e9quipement hyper complet, des consignes pratiques, un emplacement parfait, une communication tr\u00e8s r\u00e9active et agr\u00e9able avec la propri\u00e9taire et pour couronner cette superbe location, un coin jardin au pied de monuments historiques. \u00ab  Nathalie, ao\u00fbt 2021<\/em><\/p>\n<p><em>\"Beau studio dans un immeuble tr\u00e8s authentique, tout \u00e9quip\u00e9 dans le centre de blois. On sent un pass\u00e9 illustre.\" Cees, ao\u00fbt 2020<\/em><\/p>\n<p><em>\"Le logement est id\u00e9al \u00e0 tout point de vue pour d\u00e9couvrir Blois et ses environs. Je n'ai aucune critique \u00e0 formuler, tout \u00e9tait parfait.\" Marie Th\u00e9r\u00e8se, ao\u00fbt 2020<\/em><\/p>\n<p><em>\u00ab L'appartement \u00e9tait d'une propret\u00e9 irr\u00e9prochable et tr\u00e8s joli. Le propri\u00e9taire a r\u00e9pondu imm\u00e9diatement \u00e0 nos questions. Nous avons pu nous rendre \u00e0 pied au ch\u00e2teau et dans toute la ville pour trouver des caf\u00e9s et des magasins. Nous avons pu utiliser les transports en commun \u00e0 partir de cet endroit \u00e0 une courte distance de marche. Nous aurions aim\u00e9 rester plus longtemps mais on n'avait plus de temps cette fois-ci. \u00bb Christine, octobre 2019<\/em><\/p>\n\n\n<p><\/p>","protected":false},"excerpt":{"rendered":"<p>Quotes from our reviews \u00ab\u00a0The studio apartment was in a superb location, the room was beautifully decorated and full of [&hellip;]<\/p>","protected":false},"author":1,"featured_media":0,"parent":0,"menu_order":0,"comment_status":"closed","ping_status":"open","template":"","meta":{"site-sidebar-layout":"default","site-content-layout":"","ast-site-content-layout":"","site-content-style":"default","site-sidebar-style":"default","ast-global-header-display":"","ast-banner-title-visibility":"","ast-main-header-display":"","ast-hfb-above-header-display":"","ast-hfb-below-header-display":"","ast-hfb-mobile-header-display":"","site-post-title":"","ast-breadcrumbs-content":"","ast-featured-img":"","footer-sml-layout":"","theme-transparent-header-meta":"","adv-header-id-meta":"","stick-header-meta":"","header-above-stick-meta":"","header-main-stick-meta":"","header-below-stick-meta":"","astra-migrate-meta-layouts":"default","ast-page-background-enabled":"default","ast-page-background-meta":{"desktop":{"background-color":"var(--ast-global-color-5)","background-image":"","background-repeat":"repeat","background-position":"center center","background-size":"auto","background-attachment":"scroll","background-type":"","background-media":"","overlay-type":"","overlay-color":"","overlay-opacity":"","overlay-gradient":""},"tablet":{"background-color":"","background-image":"","background-repeat":"repeat","background-position":"center center","background-size":"auto","background-attachment":"scroll","background-type":"","background-media":"","overlay-type":"","overlay-color":"","overlay-opacity":"","overlay-gradient":""},"mobile":{"background-color":"","background-image":"","background-repeat":"repeat","background-position":"center center","background-size":"auto","background-attachment":"scroll","background-type":"","background-media":"","overlay-type":"","overlay-color":"","overlay-opacity":"","overlay-gradient":""}},"ast-content-background-meta":{"desktop":{"background-color":"var(--ast-global-color-4)","background-image":"","background-repeat":"repeat","background-position":"center center","background-size":"auto","background-attachment":"scroll","background-type":"","background-media":"","overlay-type":"","overlay-color":"","overlay-opacity":"","overlay-gradient":""},"tablet":{"background-color":"var(--ast-global-color-4)","background-image":"","background-repeat":"repeat","background-position":"center center","background-size":"auto","background-attachment":"scroll","background-type":"","background-media":"","overlay-type":"","overlay-color":"","overlay-opacity":"","overlay-gradient":""},"mobile":{"background-color":"var(--ast-global-color-4)","background-image":"","background-repeat":"repeat","background-position":"center center","background-size":"auto","background-attachment":"scroll","background-type":"","background-media":"","overlay-type":"","overlay-color":"","overlay-opacity":"","overlay-gradient":""}},"jetpack_post_was_ever_published":false,"footnotes":""},"class_list":["post-217","page","type-page","status-publish","hentry"],"jetpack_sharing_enabled":true,"jetpack_shortlink":"https:\/\/wp.me\/P5OEX9-3v","_links":{"self":[{"href":"https:\/\/www.chatelrose.com\/fr\/wp-json\/wp\/v2\/pages\/217","targetHints":{"allow":["GET"]}}],"collection":[{"href":"https:\/\/www.chatelrose.com\/fr\/wp-json\/wp\/v2\/pages"}],"about":[{"href":"https:\/\/www.chatelrose.com\/fr\/wp-json\/wp\/v2\/types\/page"}],"author":[{"embeddable":true,"href":"https:\/\/www.chatelrose.com\/fr\/wp-json\/wp\/v2\/users\/1"}],"replies":[{"embeddable":true,"href":"https:\/\/www.chatelrose.com\/fr\/wp-json\/wp\/v2\/comments?post=217"}],"version-history":[{"count":20,"href":"https:\/\/www.chatelrose.com\/fr\/wp-json\/wp\/v2\/pages\/217\/revisions"}],"predecessor-version":[{"id":827,"href":"https:\/\/www.chatelrose.com\/fr\/wp-json\/wp\/v2\/pages\/217\/revisions\/827"}],"wp:attachment":[{"href":"https:\/\/www.chatelrose.com\/fr\/wp-json\/wp\/v2\/media?parent=217"}],"curies":[{"name":"wp","href":"https:\/\/api.w.org\/{rel}","templated":true}]}}