{"id":176,"date":"2012-05-18T12:16:56","date_gmt":"2012-05-18T10:16:56","guid":{"rendered":"http:\/\/www.loirevalleyholidayrental.com\/?page_id=176"},"modified":"2012-05-18T12:16:56","modified_gmt":"2012-05-18T10:16:56","slug":"restaurants","status":"publish","type":"page","link":"https:\/\/www.chatelrose.com\/fr\/restaurants\/","title":{"rendered":"Restaurants"},"content":{"rendered":"<p>Les restaurants ci-dessous sont nos pr\u00e9f\u00e9r\u00e9s. Si vous cliquez sur le lien, vous trouverez plus d'informations sur le restaurant concern\u00e9 dans mon blog <a href=\"\/fr\/www.aussieinfrance.com\/\" target=\"_blank\">www.aussieinfrance.com<\/a><\/p>\n<h3>BLOIS<\/h3>\n<address><a title=\"Three Reasons to Live in Blois\" href=\"http:\/\/www.aussieinfrance.com\/2011\/11\/three-reasons-to-live-in-blois\/\">Au Coin d\u2019Table<\/a>, 9, rue Henri Drussy 41000 BLOIS<\/address>\n<address><a title=\"Three More Reasons to Live in Blois\" href=\"http:\/\/www.aussieinfrance.com\/2012\/02\/three-more-reasons-to-live-in-blois\/\">L\u2019Appart\u2019 th\u00e9<\/a>, 12-14 rue Basse, 41000 Blois, \u00a002 54 74 26 73\u00a0\u00a0\u00a0\u00a0\u00a0\u00a0<\/address>\n<address><a title=\"A Celebratory Lunch in Blois\" href=\"http:\/\/www.aussieinfrance.com\/2012\/03\/a-celebratory-lunch-in-blois\/\" target=\"_blank\">L\u2019Embarcad\u00e8re<\/a>,\u00a016 quai Ulysse Besnard, 41000 Blois, 02.54.78.31.41\u00a0\u00a0\u00a0\u00a0\u00a0\u00a0\u00a0contact@lembarcadere.fr<\/address>\n<address><a href=\"http:\/\/blois.vinomania.fr\/\">Vinomania<\/a>, cellar, restaurant, wine bar, place ave Maria, 12 rue du Poids du Roi, 41000 Blois, \u00a002 54 90 17 66\u00a0\u00a0\u00a0\u00a0\u00a0\u00a0<\/address>\n<address>\u00a0<\/address>\n<address>\u00a0<\/address>","protected":false},"excerpt":{"rendered":"<p>The restaurants below are our personal favourites. If you click on the link, you&#8217;ll find more information on the restaurant [&hellip;]<\/p>","protected":false},"author":1,"featured_media":0,"parent":0,"menu_order":0,"comment_status":"closed","ping_status":"open","template":"","meta":{"site-sidebar-layout":"default","site-content-layout":"","ast-site-content-layout":"","site-content-style":"default","site-sidebar-style":"default","ast-global-header-display":"","ast-banner-title-visibility":"","ast-main-header-display":"","ast-hfb-above-header-display":"","ast-hfb-below-header-display":"","ast-hfb-mobile-header-display":"","site-post-title":"","ast-breadcrumbs-content":"","ast-featured-img":"","footer-sml-layout":"","theme-transparent-header-meta":"","adv-header-id-meta":"","stick-header-meta":"","header-above-stick-meta":"","header-main-stick-meta":"","header-below-stick-meta":"","astra-migrate-meta-layouts":"default","ast-page-background-enabled":"default","ast-page-background-meta":{"desktop":{"background-color":"var(--ast-global-color-5)","background-image":"","background-repeat":"repeat","background-position":"center center","background-size":"auto","background-attachment":"scroll","background-type":"","background-media":"","overlay-type":"","overlay-color":"","overlay-opacity":"","overlay-gradient":""},"tablet":{"background-color":"","background-image":"","background-repeat":"repeat","background-position":"center center","background-size":"auto","background-attachment":"scroll","background-type":"","background-media":"","overlay-type":"","overlay-color":"","overlay-opacity":"","overlay-gradient":""},"mobile":{"background-color":"","background-image":"","background-repeat":"repeat","background-position":"center center","background-size":"auto","background-attachment":"scroll","background-type":"","background-media":"","overlay-type":"","overlay-color":"","overlay-opacity":"","overlay-gradient":""}},"ast-content-background-meta":{"desktop":{"background-color":"var(--ast-global-color-4)","background-image":"","background-repeat":"repeat","background-position":"center center","background-size":"auto","background-attachment":"scroll","background-type":"","background-media":"","overlay-type":"","overlay-color":"","overlay-opacity":"","overlay-gradient":""},"tablet":{"background-color":"var(--ast-global-color-4)","background-image":"","background-repeat":"repeat","background-position":"center center","background-size":"auto","background-attachment":"scroll","background-type":"","background-media":"","overlay-type":"","overlay-color":"","overlay-opacity":"","overlay-gradient":""},"mobile":{"background-color":"var(--ast-global-color-4)","background-image":"","background-repeat":"repeat","background-position":"center center","background-size":"auto","background-attachment":"scroll","background-type":"","background-media":"","overlay-type":"","overlay-color":"","overlay-opacity":"","overlay-gradient":""}},"jetpack_post_was_ever_published":false,"footnotes":""},"class_list":["post-176","page","type-page","status-publish","hentry"],"jetpack_sharing_enabled":true,"jetpack_shortlink":"https:\/\/wp.me\/P5OEX9-2Q","_links":{"self":[{"href":"https:\/\/www.chatelrose.com\/fr\/wp-json\/wp\/v2\/pages\/176","targetHints":{"allow":["GET"]}}],"collection":[{"href":"https:\/\/www.chatelrose.com\/fr\/wp-json\/wp\/v2\/pages"}],"about":[{"href":"https:\/\/www.chatelrose.com\/fr\/wp-json\/wp\/v2\/types\/page"}],"author":[{"embeddable":true,"href":"https:\/\/www.chatelrose.com\/fr\/wp-json\/wp\/v2\/users\/1"}],"replies":[{"embeddable":true,"href":"https:\/\/www.chatelrose.com\/fr\/wp-json\/wp\/v2\/comments?post=176"}],"version-history":[{"count":1,"href":"https:\/\/www.chatelrose.com\/fr\/wp-json\/wp\/v2\/pages\/176\/revisions"}],"predecessor-version":[{"id":177,"href":"https:\/\/www.chatelrose.com\/fr\/wp-json\/wp\/v2\/pages\/176\/revisions\/177"}],"wp:attachment":[{"href":"https:\/\/www.chatelrose.com\/fr\/wp-json\/wp\/v2\/media?parent=176"}],"curies":[{"name":"wp","href":"https:\/\/api.w.org\/{rel}","templated":true}]}}